{"id":637,"date":"2023-12-20T03:52:20","date_gmt":"2023-12-20T03:52:20","guid":{"rendered":"https:\/\/www.drpleger.de\/?page_id=637"},"modified":"2024-02-03T19:29:38","modified_gmt":"2024-02-03T19:29:38","slug":"imprint","status":"publish","type":"page","link":"https:\/\/drpleger.de\/en\/imprint\/","title":{"rendered":"Imprint"},"content":{"rendered":"<div data-elementor-type=\"wp-page\" data-elementor-id=\"637\" class=\"elementor elementor-637\" data-elementor-post-type=\"page\">\n\t\t\t\t<div class=\"elementor-element elementor-element-78e78f66 e-flex e-con-boxed e-con e-parent\" data-id=\"78e78f66\" data-element_type=\"container\">\n\t\t\t\t\t<div class=\"e-con-inner\">\n\t\t<div class=\"elementor-element elementor-element-a682dda e-flex e-con-boxed e-con e-child\" data-id=\"a682dda\" data-element_type=\"container\" data-settings=\"{&quot;background_background&quot;:&quot;classic&quot;}\">\n\t\t\t\t\t<div class=\"e-con-inner\">\n\t\t<div class=\"elementor-element elementor-element-396d6bd1 e-flex e-con-boxed e-con e-child\" data-id=\"396d6bd1\" data-element_type=\"container\" data-settings=\"{&quot;background_background&quot;:&quot;classic&quot;}\">\n\t\t\t\t\t<div class=\"e-con-inner\">\n\t\t<div class=\"elementor-element elementor-element-48463791 e-flex e-con-boxed e-con e-child\" data-id=\"48463791\" data-element_type=\"container\">\n\t\t\t\t\t<div class=\"e-con-inner\">\n\t\t\t\t<div class=\"elementor-element elementor-element-53285f79 elementor-widget elementor-widget-heading\" data-id=\"53285f79\" data-element_type=\"widget\" data-widget_type=\"heading.default\">\n\t\t\t\t<div class=\"elementor-widget-container\">\n\t\t\t\t\t<h2 class=\"elementor-heading-title elementor-size-default\">Imprint<\/h2>\t\t\t\t<\/div>\n\t\t\t\t<\/div>\n\t\t\t\t<div class=\"elementor-element elementor-element-be72463 elementor-widget elementor-widget-text-editor\" data-id=\"be72463\" data-element_type=\"widget\" id=\"imtext\" data-widget_type=\"text-editor.default\">\n\t\t\t\t<div class=\"elementor-widget-container\">\n\t\t\t\t\t\t\t\t\t<p>This website is owned and operated by Dr. Pleger. The following information contains the details required by law:<\/p>\t\t\t\t\t\t\t\t<\/div>\n\t\t\t\t<\/div>\n\t\t\t\t<div class=\"elementor-element elementor-element-69489e92 elementor-widget elementor-widget-heading\" data-id=\"69489e92\" data-element_type=\"widget\" data-widget_type=\"heading.default\">\n\t\t\t\t<div class=\"elementor-widget-container\">\n\t\t\t\t\t<p class=\"elementor-heading-title elementor-size-default\">Contact Information<\/p>\t\t\t\t<\/div>\n\t\t\t\t<\/div>\n\t\t\t\t<div class=\"elementor-element elementor-element-6da333a elementor-widget elementor-widget-html\" data-id=\"6da333a\" data-element_type=\"widget\" data-widget_type=\"html.default\">\n\t\t\t\t<div class=\"elementor-widget-container\">\n\t\t\t\t\t<style>\r\n\r\n  .contact-block {\r\n    display: flex;\r\n    align-items: flex-start;\r\n         font-family: \"Roboto\", Sans-serif;\r\n   \r\n  }\r\n  .contact-label {\r\n    min-width: 100px; \/* Minimale Breite entsprechend des l\u00e4ngsten Labels *\/\r\n    margin-right: 10px; \/* Abstand zwischen Label und Inhalt *\/\r\n  }\r\n  .contact-content {\r\n    flex: 1; \/* Nimmt den verbleibenden Platz ein *\/\r\n  }\r\n<\/style>\r\n<\/head>\r\n<body>\r\n\r\n<div class=\"contact-block\">\r\n  <div class=\"contact-label\">Address:<\/div>\r\n  <div class=\"contact-content\">Praxis Dr. Pleger<br>Martin-Luther-Stra\u00dfe 68<br>39288 Burg (near Magdeburg)<\/div>\r\n<\/div>\r\n\r\n<div class=\"contact-block\">\r\n  <div class=\"contact-label\">Telephone:<\/div>\r\n  <div class=\"contact-content\">03921 - 30 68<\/div>\r\n<\/div>\r\n\r\n<div class=\"contact-block\">\r\n  <div class=\"contact-label\">E-Mail:<\/div>\r\n  <div class=\"contact-content\">info@drpleger.de<\/div>\r\n<\/div>\r\n\r\n<div class=\"contact-block\">\r\n  <div class=\"contact-label\">Website:<\/div>\r\n  <div class=\"contact-content\">www.drpleger.de<\/div>\r\n<\/div>\t\t\t\t<\/div>\n\t\t\t\t<\/div>\n\t\t\t\t<div class=\"elementor-element elementor-element-143da1fa elementor-widget elementor-widget-heading\" data-id=\"143da1fa\" data-element_type=\"widget\" data-widget_type=\"heading.default\">\n\t\t\t\t<div class=\"elementor-widget-container\">\n\t\t\t\t\t<p class=\"elementor-heading-title elementor-size-default\">Legal Representative\n\n<\/p>\t\t\t\t<\/div>\n\t\t\t\t<\/div>\n\t\t\t\t<div class=\"elementor-element elementor-element-6cfbb45 elementor-widget elementor-widget-html\" data-id=\"6cfbb45\" data-element_type=\"widget\" data-widget_type=\"html.default\">\n\t\t\t\t<div class=\"elementor-widget-container\">\n\t\t\t\t\t<style>\r\n  .contact-block {\r\n    display: flex;\r\n    align-items: flex-start;\r\n   \r\n  }\r\n  .contact-label {\r\n    min-width: 100px; \/* Minimale Breite entsprechend des l\u00e4ngsten Labels *\/\r\n    margin-right: 10px; \/* Abstand zwischen Label und Inhalt *\/\r\n  }\r\n  .contact-content {\r\n    flex: 1; \/* Nimmt den verbleibenden Platz ein *\/\r\n  }\r\n<\/style>\r\n<\/head>\r\n<body>\r\n\r\n<div class=\"contact-block\">\r\n  <div class=\"contact-label\">Representative:<\/div>\r\n  <div class=\"contact-content\">Dr. Andreas Pleger<\/div>\r\n<\/div>\r\n\r\n<div class=\"contact-block\">\r\n  <div class=\"contact-label\">Official Title:<\/div>\r\n  <div class=\"contact-content\">\u00a0\u00a0\u00a0Specialist in General Medicine, Chiropractic, Manual Medicine.<\/div>\r\n<\/div>\t\t\t\t<\/div>\n\t\t\t\t<\/div>\n\t\t\t\t<div class=\"elementor-element elementor-element-45140928 elementor-widget elementor-widget-heading\" data-id=\"45140928\" data-element_type=\"widget\" data-widget_type=\"heading.default\">\n\t\t\t\t<div class=\"elementor-widget-container\">\n\t\t\t\t\t<p class=\"elementor-heading-title elementor-size-default\">Responsible Regulatory Authority<\/p>\t\t\t\t<\/div>\n\t\t\t\t<\/div>\n\t\t\t\t<div class=\"elementor-element elementor-element-7409e8e0 elementor-widget elementor-widget-text-editor\" data-id=\"7409e8e0\" data-element_type=\"widget\" data-widget_type=\"text-editor.default\">\n\t\t\t\t<div class=\"elementor-widget-container\">\n\t\t\t\t\t\t\t\t\t<p>Medical Association of Saxony-Anhalt<br \/>Association of Statutory Health Insurance Physicians of Saxony-Anhalt<\/p>\t\t\t\t\t\t\t\t<\/div>\n\t\t\t\t<\/div>\n\t\t\t\t<div class=\"elementor-element elementor-element-7a57108e elementor-widget elementor-widget-heading\" data-id=\"7a57108e\" data-element_type=\"widget\" data-widget_type=\"heading.default\">\n\t\t\t\t<div class=\"elementor-widget-container\">\n\t\t\t\t\t<p class=\"elementor-heading-title elementor-size-default\">Disclaimer<\/p>\t\t\t\t<\/div>\n\t\t\t\t<\/div>\n\t\t\t\t<div class=\"elementor-element elementor-element-4e038a33 elementor-widget elementor-widget-text-editor\" data-id=\"4e038a33\" data-element_type=\"widget\" data-widget_type=\"text-editor.default\">\n\t\t\t\t<div class=\"elementor-widget-container\">\n\t\t\t\t\t\t\t\t\t<p>The content of our pages has been compiled with the greatest care. However, we cannot guarantee the accuracy, completeness or topicality of the content.<\/p>\t\t\t\t\t\t\t\t<\/div>\n\t\t\t\t<\/div>\n\t\t\t\t\t<\/div>\n\t\t\t\t<\/div>\n\t\t\t\t\t<\/div>\n\t\t\t\t<\/div>\n\t\t\t\t\t<\/div>\n\t\t\t\t<\/div>\n\t\t\t\t\t<\/div>\n\t\t\t\t<\/div>\n\t\t<div class=\"elementor-element elementor-element-e85b8e0 e-flex e-con-boxed e-con e-parent\" data-id=\"e85b8e0\" data-element_type=\"container\">\n\t\t\t\t\t<div class=\"e-con-inner\">\n\t\t\t\t\t<\/div>\n\t\t\t\t<\/div>\n\t\t\t\t<\/div>","protected":false},"excerpt":{"rendered":"<p>Impressum Diese Website wird von Dr. Pleger betrieben und geh\u00f6rt ihm. Die folgenden Informationen enthalten die gesetzlich vorgeschriebenen Angaben: Kontaktinformationen Adresse: Praxis Dr. PlegerMartin-Luther-Stra\u00dfe 6839288 Burg (bei Magdeburg) Telefon: 03921 &#8211; 30 68 E-Mail: info@drpleger.de Website: www.drpleger.de Rechtliche Vertretung Vertreter: Dr. Andreas Pleger Berufstitel: Facharzt f\u00fcr Allgemeinmedizin, Chirotherapie, Manuelle Medizin Zust\u00e4ndige Aufsichtsbeh\u00f6rde \u00c4rztekammer Sachsen-AnhaltKassen\u00e4rztliche Vereinigung [&hellip;]<\/p>","protected":false},"author":3,"featured_media":0,"parent":0,"menu_order":0,"comment_status":"closed","ping_status":"closed","template":"elementor_header_footer","meta":{"footnotes":""},"class_list":["post-637","page","type-page","status-publish","hentry"],"_links":{"self":[{"href":"https:\/\/drpleger.de\/en\/wp-json\/wp\/v2\/pages\/637","targetHints":{"allow":["GET"]}}],"collection":[{"href":"https:\/\/drpleger.de\/en\/wp-json\/wp\/v2\/pages"}],"about":[{"href":"https:\/\/drpleger.de\/en\/wp-json\/wp\/v2\/types\/page"}],"author":[{"embeddable":true,"href":"https:\/\/drpleger.de\/en\/wp-json\/wp\/v2\/users\/3"}],"replies":[{"embeddable":true,"href":"https:\/\/drpleger.de\/en\/wp-json\/wp\/v2\/comments?post=637"}],"version-history":[{"count":6,"href":"https:\/\/drpleger.de\/en\/wp-json\/wp\/v2\/pages\/637\/revisions"}],"predecessor-version":[{"id":3300,"href":"https:\/\/drpleger.de\/en\/wp-json\/wp\/v2\/pages\/637\/revisions\/3300"}],"wp:attachment":[{"href":"https:\/\/drpleger.de\/en\/wp-json\/wp\/v2\/media?parent=637"}],"curies":[{"name":"wp","href":"https:\/\/api.w.org\/{rel}","templated":true}]}}